{"id":4498,"date":"2017-06-20T10:44:29","date_gmt":"2017-06-20T10:44:29","guid":{"rendered":"https:\/\/aniayoga.pl\/"},"modified":"2022-01-29T22:11:05","modified_gmt":"2022-01-29T21:11:05","slug":"home","status":"publish","type":"page","link":"https:\/\/aniayoga.pl\/","title":{"rendered":"Home Yoga"},"content":{"rendered":"<div class=\"wpb-content-wrapper\">[vc_row full_width=&#8221;stretch_row_content&#8221;][vc_column][vc_row_inner css=&#8221;.vc_custom_1642579743834{padding-right: 170px !important;padding-left: 170px !important;}&#8221; el_id=&#8221;przestrzen&#8221;][vc_column_inner css=&#8221;.vc_custom_1633950448039{margin-bottom: 50px !important;}&#8221;][vc_column_text]\n<p style=\"text-align: center;\"><strong>To nie tylko przestrze\u0144 &#8211; miejsce w kt\u00f3rej praktykujemy jog\u0119,<br \/>\n<\/strong><strong>to przede wszystkim nasze miejsce Mocy, odkrywania siebie, nawi\u0105zywania relacji ze sob\u0105 w mi\u0142o\u015bci i akceptacji.<br \/>\nTu dzieje si\u0119 magia, \u0142\u0105czy pi\u0119kna energia, budzi si\u0119 \u015bwiadomo\u015b\u0107.<\/strong>[\/vc_column_text][vc_column_text]\n<h3 style=\"text-align: center;\">Zapraszam Ci\u0119 zatem do praktyki jogi<\/h3>\n<p style=\"text-align: center;\">A ja czerpi\u0105c z holistycznej filozofii Jogi i wszelkich narz\u0119dzi,<br \/>\nkt\u00f3re nam ofiaruje, b\u0119d\u0119 Ci\u0119 wspiera\u0107 w Twojej cudownej podr\u00f3\u017cy w g\u0142\u0105b siebie, w uzdrowieniu i akceptacji.<\/p>\n[\/vc_column_text][\/vc_column_inner][\/vc_row_inner][\/vc_column][\/vc_row][vc_row full_width=&#8221;stretch_row_content&#8221; bg_cws_color=&#8221;color&#8221; cws_overlay_color=&#8221;#f2f0fb&#8221; css=&#8221;.vc_custom_1501664318196{margin-bottom: -70px !important;padding-bottom: 70px !important;}&#8221;][vc_column][\/vc_column][\/vc_row]\n<\/div>","protected":false},"excerpt":{"rendered":"<p>[vc_row full_width=&#8221;stretch_row_content&#8221;][vc_column][vc_row_inner css=&#8221;.vc_custom_1642579743834{padding-right: 170px !important;padding-left: 170px !important;}&#8221; el_id=&#8221;przestrzen&#8221;][vc_column_inner css=&#8221;.vc_custom_1633950448039{margin-bottom: 50px !important;}&#8221;][vc_column_text] To nie tylko przestrze\u0144 &#8211; miejsce w kt\u00f3rej praktykujemy jog\u0119, to przede wszystkim nasze miejsce Mocy, odkrywania siebie, nawi\u0105zywania relacji ze sob\u0105 w mi\u0142o\u015bci i akceptacji. Tu dzieje si\u0119 magia, \u0142\u0105czy pi\u0119kna energia, budzi si\u0119 \u015bwiadomo\u015b\u0107.[\/vc_column_text][vc_column_text] Zapraszam Ci\u0119 zatem do praktyki jogi A ja czerpi\u0105c z holistycznej filozofii Jogi i wszelkich narz\u0119dzi, kt\u00f3re nam ofiaruje, b\u0119d\u0119 Ci\u0119 wspiera\u0107 w Twojej cudownej podr\u00f3\u017cy w g\u0142\u0105b siebie, w uzdrowieniu i akceptacji. [\/vc_column_text][\/vc_column_inner][\/vc_row_inner][\/vc_column][\/vc_row][vc_row full_width=&#8221;stretch_row_content&#8221; bg_cws_color=&#8221;color&#8221; cws_overlay_color=&#8221;#f2f0fb&#8221; css=&#8221;.vc_custom_1501664318196{margin-bottom: -70px !important;padding-bottom: 70px !important;}&#8221;][vc_column][\/vc_column][\/vc_row]<\/p>\n","protected":false},"author":1,"featured_media":0,"parent":0,"menu_order":0,"comment_status":"closed","ping_status":"closed","template":"","meta":{"footnotes":""},"class_list":["post-4498","page","type-page","status-publish","hentry"],"_links":{"self":[{"href":"https:\/\/aniayoga.pl\/index.php?rest_route=\/wp\/v2\/pages\/4498","targetHints":{"allow":["GET"]}}],"collection":[{"href":"https:\/\/aniayoga.pl\/index.php?rest_route=\/wp\/v2\/pages"}],"about":[{"href":"https:\/\/aniayoga.pl\/index.php?rest_route=\/wp\/v2\/types\/page"}],"author":[{"embeddable":true,"href":"https:\/\/aniayoga.pl\/index.php?rest_route=\/wp\/v2\/users\/1"}],"replies":[{"embeddable":true,"href":"https:\/\/aniayoga.pl\/index.php?rest_route=%2Fwp%2Fv2%2Fcomments&post=4498"}],"version-history":[{"count":11,"href":"https:\/\/aniayoga.pl\/index.php?rest_route=\/wp\/v2\/pages\/4498\/revisions"}],"predecessor-version":[{"id":15225,"href":"https:\/\/aniayoga.pl\/index.php?rest_route=\/wp\/v2\/pages\/4498\/revisions\/15225"}],"wp:attachment":[{"href":"https:\/\/aniayoga.pl\/index.php?rest_route=%2Fwp%2Fv2%2Fmedia&parent=4498"}],"curies":[{"name":"wp","href":"https:\/\/api.w.org\/{rel}","templated":true}]}}